{"id":16,"date":"2022-03-16T16:56:44","date_gmt":"2022-03-16T15:56:44","guid":{"rendered":"https:\/\/www.detsky-sen.sk\/?page_id=16"},"modified":"2026-02-23T17:36:36","modified_gmt":"2026-02-23T16:36:36","slug":"ciele-a-zameranie","status":"publish","type":"page","link":"https:\/\/www.detsky-sen.sk\/?page_id=16","title":{"rendered":"Ciele a zameranie"},"content":{"rendered":"\n<p><\/p>\n\n\n\n<hr class=\"wp-block-separator\"\/>\n\n\n\n<h2>\ud83c\udfaf Cie\u013e v\u00fdchovy a vzdel\u00e1vania<\/h2>\n\n\n\n<p><strong>\ud83e\udde0 Rozvoj pripravenosti na \u0161kolu a \u017eivot<\/strong><\/p>\n\n\n\n<blockquote class=\"wp-block-quote\"><p>Podpora perceptu\u00e1lno-motorick\u00fdch, kognit\u00edvnych a soci\u00e1lnych schopnost\u00ed die\u0165a\u0165a, d\u00f4raz na jedine\u010dnos\u0165 a akt\u00edvne u\u010denie v kolekt\u00edve.<\/p><\/blockquote>\n\n\n\n<p><strong>\ud83c\udf1f Rozvoj osobnosti a tvorivosti<\/strong><\/p>\n\n\n\n<blockquote class=\"wp-block-quote\"><p>Pripravenos\u0165 na \u0161kolu aj \u017eivot v duchu tvorivo-humanistickej v\u00fdchovy.<\/p><\/blockquote>\n\n\n\n<p><strong>\ud83c\udfdb\ufe0f Kult\u00farne porozumenie<\/strong><\/p>\n\n\n\n<blockquote class=\"wp-block-quote\"><p>U\u010denie pou\u017e\u00edva\u0165 kult\u00farne znaky a symboly pre sebauplatnenie a plnohodnotn\u00fd \u017eivot.<\/p><\/blockquote>\n\n\n\n<p><strong>\ud83c\udfb2 Vz\u0165ah k u\u010deniu hrou<\/strong><\/p>\n\n\n\n<blockquote class=\"wp-block-quote\"><p>Podpora pozn\u00e1vania prostredn\u00edctvom hier a aktiv\u00edt zameran\u00fdch na hrov\u00fd potenci\u00e1l det\u00ed.<\/p><\/blockquote>\n\n\n\n<hr class=\"wp-block-separator\"\/>\n\n\n\n<h2>\ud83d\udcda Zameranie \u0161koly<\/h2>\n\n\n\n<h3>\ud83d\udde3\ufe0f V\u00fdu\u010dba anglick\u00e9ho jazyka<\/h3>\n\n\n\n<ul><li>Hrav\u00e9 spozn\u00e1vanie z\u00e1kladnej slovnej z\u00e1soby.<\/li><li>T\u00e9my zo \u017eivota det\u00ed (rodina, M\u0160, ka\u017edodenn\u00e9 aktivity).<\/li><li>Nen\u00e1siln\u00e9, z\u00e1bavn\u00e9 a p\u00fatav\u00e9 met\u00f3dy u\u010denia.<\/li><\/ul>\n\n\n\n<h3>\ud83c\udfc3 Starostlivos\u0165 o zdravie a zdrav\u00fd \u017eivotn\u00fd \u0161t\u00fdl<\/h3>\n\n\n\n<ul><li>Prevencia a podpora zdravia, ochrana pred chorobami a \u00farazmi.<\/li><li>Zdrav\u00e1 v\u00fd\u017eiva, pohybov\u00e9 aktivity: \u0161kola v pr\u00edrode, plaveck\u00fd v\u00fdcvik, pobyty v pr\u00edrode.<\/li><li>Rozvoj fyzickej a psychickej odolnosti, pitn\u00fd re\u017eim, projekt <strong>\u201eZdrav\u00e9 die\u0165a\u201c<\/strong>.<\/li><li>Podpora soci\u00e1lno-emocion\u00e1lneho a duchovn\u00e9ho rozvoja.<\/li><li>Rozvoj predplaveck\u00fdch a \u0161pecifick\u00fdch pohybov\u00fdch zru\u010dnost\u00ed.<\/li><\/ul>\n\n\n\n<h3>\u2764\ufe0f Soci\u00e1lno-humanistick\u00e1 v\u00fdchova<\/h3>\n\n\n\n<ul><li>Formovanie prosoci\u00e1lneho a asert\u00edvneho spr\u00e1vania prostredn\u00edctvom hry.<\/li><li>Partnersk\u00fd pr\u00edstup k die\u0165a\u0165u, podpora tvorivosti a spolurozhodovania.<\/li><li>Pozit\u00edvna motiv\u00e1cia, rozvoj seba\u00facty a sebavedomia.<\/li><\/ul>\n\n\n\n<h3>\ud83c\udf31 Environment\u00e1lna v\u00fdchova<\/h3>\n\n\n\n<ul><li>Pozorovanie a praktick\u00e9 \u010dinnosti na pochopenie v\u00fdznamu pr\u00edrody.<\/li><li>Rozvoj citov\u00e9ho vz\u0165ahu k \u017eivej i ne\u017eivej pr\u00edrode.<\/li><li>V\u00fdchova k ochrane \u017eivotn\u00e9ho prostredia, spolupr\u00e1ca s rodi\u010dmi a verejnos\u0165ou.<\/li><\/ul>\n\n\n\n<hr class=\"wp-block-separator\"\/>\n","protected":false},"excerpt":{"rendered":"<p>\ud83c\udfaf Cie\u013e v\u00fdchovy a vzdel\u00e1vania \ud83e\udde0 Rozvoj pripravenosti na \u0161kolu a \u017eivot Podpora perceptu\u00e1lno-motorick\u00fdch, kognit\u00edvnych a soci\u00e1lnych schopnost\u00ed die\u0165a\u0165a, d\u00f4raz [&hellip;]<\/p>\n","protected":false},"author":1,"featured_media":0,"parent":0,"menu_order":0,"comment_status":"closed","ping_status":"closed","template":"","meta":{"spay_email":""},"yoast_head":"<!-- This site is optimized with the Yoast SEO plugin v19.13 - https:\/\/yoast.com\/wordpress\/plugins\/seo\/ -->\n<title>Ciele a zameranie - SM\u0160 Detsk\u00fd sen<\/title>\n<meta name=\"description\" content=\"Zameranie a ciele materskej \u0161koly Detsk\u00fd sen. V\u00fdu\u010dba anglick\u00e9ho jazyka. Soci\u00e1lno humanistick\u00e1 v\u00fdchova. Starostlivos\u0165 o zdravie die\u0165a\u0165a.\" \/>\n<meta name=\"robots\" content=\"index, follow, max-snippet:-1, max-image-preview:large, max-video-preview:-1\" \/>\n<link rel=\"canonical\" href=\"https:\/\/www.detsky-sen.sk\/?page_id=16\" \/>\n<meta property=\"og:locale\" content=\"sk_SK\" \/>\n<meta property=\"og:type\" content=\"article\" \/>\n<meta property=\"og:title\" content=\"Ciele a zameranie - SM\u0160 Detsk\u00fd sen\" \/>\n<meta property=\"og:description\" content=\"Zameranie a ciele materskej \u0161koly Detsk\u00fd sen. V\u00fdu\u010dba anglick\u00e9ho jazyka. Soci\u00e1lno humanistick\u00e1 v\u00fdchova. Starostlivos\u0165 o zdravie die\u0165a\u0165a.\" \/>\n<meta property=\"og:url\" content=\"https:\/\/www.detsky-sen.sk\/?page_id=16\" \/>\n<meta property=\"og:site_name\" content=\"SM\u0160 Detsk\u00fd sen\" \/>\n<meta property=\"article:modified_time\" content=\"2026-02-23T16:36:36+00:00\" \/>\n<meta name=\"twitter:card\" content=\"summary_large_image\" \/>\n<meta name=\"twitter:label1\" content=\"Predpokladan\u00fd \u010das \u010d\u00edtania\" \/>\n\t<meta name=\"twitter:data1\" content=\"2 min\u00faty\" \/>\n<script type=\"application\/ld+json\" class=\"yoast-schema-graph\">{\"@context\":\"https:\/\/schema.org\",\"@graph\":[{\"@type\":\"WebPage\",\"@id\":\"https:\/\/www.detsky-sen.sk\/?page_id=16\",\"url\":\"https:\/\/www.detsky-sen.sk\/?page_id=16\",\"name\":\"Ciele a zameranie - SM\u0160 Detsk\u00fd sen\",\"isPartOf\":{\"@id\":\"https:\/\/www.detsky-sen.sk\/#website\"},\"datePublished\":\"2022-03-16T15:56:44+00:00\",\"dateModified\":\"2026-02-23T16:36:36+00:00\",\"description\":\"Zameranie a ciele materskej \u0161koly Detsk\u00fd sen. V\u00fdu\u010dba anglick\u00e9ho jazyka. Soci\u00e1lno humanistick\u00e1 v\u00fdchova. Starostlivos\u0165 o zdravie die\u0165a\u0165a.\",\"breadcrumb\":{\"@id\":\"https:\/\/www.detsky-sen.sk\/?page_id=16#breadcrumb\"},\"inLanguage\":\"sk-SK\",\"potentialAction\":[{\"@type\":\"ReadAction\",\"target\":[\"https:\/\/www.detsky-sen.sk\/?page_id=16\"]}]},{\"@type\":\"BreadcrumbList\",\"@id\":\"https:\/\/www.detsky-sen.sk\/?page_id=16#breadcrumb\",\"itemListElement\":[{\"@type\":\"ListItem\",\"position\":1,\"name\":\"Home\",\"item\":\"https:\/\/www.detsky-sen.sk\/\"},{\"@type\":\"ListItem\",\"position\":2,\"name\":\"Ciele a zameranie\"}]},{\"@type\":\"WebSite\",\"@id\":\"https:\/\/www.detsky-sen.sk\/#website\",\"url\":\"https:\/\/www.detsky-sen.sk\/\",\"name\":\"SM\u0160 Detsk\u00fd sen\",\"description\":\" &quot;\u0160\u0165astn\u00e9 deti a spokojn\u00ed rodi\u010dia&quot;\",\"publisher\":{\"@id\":\"https:\/\/www.detsky-sen.sk\/#organization\"},\"potentialAction\":[{\"@type\":\"SearchAction\",\"target\":{\"@type\":\"EntryPoint\",\"urlTemplate\":\"https:\/\/www.detsky-sen.sk\/?s={search_term_string}\"},\"query-input\":\"required name=search_term_string\"}],\"inLanguage\":\"sk-SK\"},{\"@type\":\"Organization\",\"@id\":\"https:\/\/www.detsky-sen.sk\/#organization\",\"name\":\"SM\u0160 Detsk\u00fd sen\",\"url\":\"https:\/\/www.detsky-sen.sk\/\",\"logo\":{\"@type\":\"ImageObject\",\"inLanguage\":\"sk-SK\",\"@id\":\"https:\/\/www.detsky-sen.sk\/#\/schema\/logo\/image\/\",\"url\":\"https:\/\/i0.wp.com\/www.detsky-sen.sk\/wp-content\/uploads\/2026\/02\/cropped-ChatGPT-Image-23.-2.-2026-17_12_43-1-1.png?fit=1536%2C1024&ssl=1\",\"contentUrl\":\"https:\/\/i0.wp.com\/www.detsky-sen.sk\/wp-content\/uploads\/2026\/02\/cropped-ChatGPT-Image-23.-2.-2026-17_12_43-1-1.png?fit=1536%2C1024&ssl=1\",\"width\":1536,\"height\":1024,\"caption\":\" SM\u0160 Detsk\u00fd sen\"},\"image\":{\"@id\":\"https:\/\/www.detsky-sen.sk\/#\/schema\/logo\/image\/\"}}]}<\/script>\n<!-- \/ Yoast SEO plugin. -->","yoast_head_json":{"title":"Ciele a zameranie - SM\u0160 Detsk\u00fd sen","description":"Zameranie a ciele materskej \u0161koly Detsk\u00fd sen. V\u00fdu\u010dba anglick\u00e9ho jazyka. Soci\u00e1lno humanistick\u00e1 v\u00fdchova. Starostlivos\u0165 o zdravie die\u0165a\u0165a.","robots":{"index":"index","follow":"follow","max-snippet":"max-snippet:-1","max-image-preview":"max-image-preview:large","max-video-preview":"max-video-preview:-1"},"canonical":"https:\/\/www.detsky-sen.sk\/?page_id=16","og_locale":"sk_SK","og_type":"article","og_title":"Ciele a zameranie - SM\u0160 Detsk\u00fd sen","og_description":"Zameranie a ciele materskej \u0161koly Detsk\u00fd sen. V\u00fdu\u010dba anglick\u00e9ho jazyka. Soci\u00e1lno humanistick\u00e1 v\u00fdchova. Starostlivos\u0165 o zdravie die\u0165a\u0165a.","og_url":"https:\/\/www.detsky-sen.sk\/?page_id=16","og_site_name":"SM\u0160 Detsk\u00fd sen","article_modified_time":"2026-02-23T16:36:36+00:00","twitter_card":"summary_large_image","twitter_misc":{"Predpokladan\u00fd \u010das \u010d\u00edtania":"2 min\u00faty"},"schema":{"@context":"https:\/\/schema.org","@graph":[{"@type":"WebPage","@id":"https:\/\/www.detsky-sen.sk\/?page_id=16","url":"https:\/\/www.detsky-sen.sk\/?page_id=16","name":"Ciele a zameranie - SM\u0160 Detsk\u00fd sen","isPartOf":{"@id":"https:\/\/www.detsky-sen.sk\/#website"},"datePublished":"2022-03-16T15:56:44+00:00","dateModified":"2026-02-23T16:36:36+00:00","description":"Zameranie a ciele materskej \u0161koly Detsk\u00fd sen. V\u00fdu\u010dba anglick\u00e9ho jazyka. Soci\u00e1lno humanistick\u00e1 v\u00fdchova. Starostlivos\u0165 o zdravie die\u0165a\u0165a.","breadcrumb":{"@id":"https:\/\/www.detsky-sen.sk\/?page_id=16#breadcrumb"},"inLanguage":"sk-SK","potentialAction":[{"@type":"ReadAction","target":["https:\/\/www.detsky-sen.sk\/?page_id=16"]}]},{"@type":"BreadcrumbList","@id":"https:\/\/www.detsky-sen.sk\/?page_id=16#breadcrumb","itemListElement":[{"@type":"ListItem","position":1,"name":"Home","item":"https:\/\/www.detsky-sen.sk\/"},{"@type":"ListItem","position":2,"name":"Ciele a zameranie"}]},{"@type":"WebSite","@id":"https:\/\/www.detsky-sen.sk\/#website","url":"https:\/\/www.detsky-sen.sk\/","name":"SM\u0160 Detsk\u00fd sen","description":" &quot;\u0160\u0165astn\u00e9 deti a spokojn\u00ed rodi\u010dia&quot;","publisher":{"@id":"https:\/\/www.detsky-sen.sk\/#organization"},"potentialAction":[{"@type":"SearchAction","target":{"@type":"EntryPoint","urlTemplate":"https:\/\/www.detsky-sen.sk\/?s={search_term_string}"},"query-input":"required name=search_term_string"}],"inLanguage":"sk-SK"},{"@type":"Organization","@id":"https:\/\/www.detsky-sen.sk\/#organization","name":"SM\u0160 Detsk\u00fd sen","url":"https:\/\/www.detsky-sen.sk\/","logo":{"@type":"ImageObject","inLanguage":"sk-SK","@id":"https:\/\/www.detsky-sen.sk\/#\/schema\/logo\/image\/","url":"https:\/\/i0.wp.com\/www.detsky-sen.sk\/wp-content\/uploads\/2026\/02\/cropped-ChatGPT-Image-23.-2.-2026-17_12_43-1-1.png?fit=1536%2C1024&ssl=1","contentUrl":"https:\/\/i0.wp.com\/www.detsky-sen.sk\/wp-content\/uploads\/2026\/02\/cropped-ChatGPT-Image-23.-2.-2026-17_12_43-1-1.png?fit=1536%2C1024&ssl=1","width":1536,"height":1024,"caption":" SM\u0160 Detsk\u00fd sen"},"image":{"@id":"https:\/\/www.detsky-sen.sk\/#\/schema\/logo\/image\/"}}]}},"jetpack-related-posts":[{"id":13,"url":"https:\/\/www.detsky-sen.sk\/","url_meta":{"origin":16,"position":0},"title":"O n\u00e1s","date":"16. marca 2022","format":false,"excerpt":"S\u00fakromn\u00e1 M\u0160 Detsk\u00fd sen v Senci Miesto, kde \u0161\u0165astn\u00e9 detstvo a kvalitn\u00e9 vzdelanie tvoria jeden svet. V\u00fdber materskej \u0161koly je k\u013e\u00fa\u010dov\u00e9 rozhodnutie V\u00fdber spr\u00e1vnej materskej \u0161koly patr\u00ed medzi najd\u00f4le\u017eitej\u0161ie rozhodnutia rodi\u010da. Die\u0165a tu tr\u00e1vi ve\u013ek\u00fa \u010das\u0165 d\u0148a, vytv\u00e1ra si prv\u00e9 priate\u013estv\u00e1, u\u010d\u00ed sa spolupracova\u0165 a objavuje svet. V S\u00fakromnej M\u0160\u2026","rel":"","context":"Podobn\u00fd pr\u00edspevok","img":{"alt_text":"matersk\u00e1 \u0161kola Senec","src":"https:\/\/i0.wp.com\/www.detsky-sen.sk\/wp-content\/uploads\/2026\/02\/ChatGPT-Image-23.-2.-2026-17_12_43-1.png?resize=350%2C200&ssl=1","width":350,"height":200},"classes":[]},{"id":31,"url":"https:\/\/www.detsky-sen.sk\/?page_id=31","url_meta":{"origin":16,"position":1},"title":"Fotogal\u00e9ria","date":"16. marca 2022","format":false,"excerpt":"AKTU\u00c1LNU FOTOGAL\u00c9RIU N\u00c1JDETE NA NA\u0160EJ FB STR\u00c1NKE POD N\u00c1ZVOM: S\u00fakromn\u00e1 matersk\u00e1 \u0161kola Detsk\u00fd sen, Senec https:\/\/www.facebook.com\/profile.php?id=61560916240349&locale=sk_SK https:\/\/www.facebook.com\/profile.php?id=61560916240349&locale=sk_SK Facebook : S\u00fakromn\u00e1 matersk\u00e1 \u0161kola Detsk\u00fd sen, Senec AKTIVITY V SM\u0160 2022-2023 Z\u00e1\u017eitkov\u00e9 u\u010denie Exkurzia k hasi\u010dom Na dopravnom ihrisku Tekvi\u010dkov\u00e1 sl\u00e1vnos\u0165 Mikul\u00e1\u0161 s anjelom v M\u0160 Viano\u010dn\u00e1 besiedka Karneval V\u00fdlet na \u010cerven\u00fd\u2026","rel":"","context":"Podobn\u00fd pr\u00edspevok","img":{"alt_text":"","src":"https:\/\/i0.wp.com\/www.detsky-sen.sk\/wp-content\/uploads\/2026\/02\/qrcode_www.facebook.com_.png?resize=350%2C200&ssl=1","width":350,"height":200},"classes":[]},{"id":18,"url":"https:\/\/www.detsky-sen.sk\/?page_id=18","url_meta":{"origin":16,"position":2},"title":"Z\u00e1sady","date":"16. marca 2022","format":false,"excerpt":"Re\u0161pektujeme pr\u00e1va ka\u017ed\u00e9ho die\u0165a\u0165a. 10 z\u00e1sad (\u013eudsk\u00e9 pr\u00e1va prerozpr\u00e1van\u00e9 pre deti) Z\u00e1sada 1: \u201eSme deti sveta. Nie je d\u00f4le\u017eit\u00e9, kto s\u00fa na\u0161i rodi\u010dia, kde b\u00fdvame alebo v \u010do ver\u00edme. Spr\u00e1vajte sa k n\u00e1m ako k seberovn\u00fdm. Zasl\u00fa\u017eime si to najlep\u0161ie, \u010do svet poskytuje.\" Z\u00e1sada 2: \u201eChr\u00e1\u0148te n\u00e1s, aby sme mohli\u2026","rel":"","context":"Podobn\u00fd pr\u00edspevok","img":{"alt_text":"","src":"","width":0,"height":0},"classes":[]},{"id":56,"url":"https:\/\/www.detsky-sen.sk\/?page_id=56","url_meta":{"origin":16,"position":3},"title":"Ob\u010dianske zdru\u017eenie: PLN\u00cdME VA\u0160E SNY","date":"17. marca 2022","format":false,"excerpt":"N\u00e1zov ob\u010dianskeho zdru\u017eenia :\u00a0PLN\u00cdME VA\u0160E SNY N\u00e1zov: PLN\u00cdME VA\u0160E SNYForma: Ob\u010dianske zdru\u017eenieRok registr\u00e1cie: 2018I\u010cO: 51179083S\u00eddlo: F\u00e1ndlyho 21, 903 01 SenecBankov\u00fd \u00fa\u010det: Slovensk\u00e1 sporite\u013e\u0148a, a.s. \u2013 SK18 0900 0000 0051 5171 1195 \ud83c\udf1f Ob\u010dianske zdru\u017eenie: PLN\u00cdME VA\u0160E SNY \ud83d\udccd S\u00eddlo: F\u00e1ndlyho 21, 903 01 Senec \ud83d\udca1 Kto sme:Dobrovo\u013en\u00e9 zdru\u017eenie pedagogick\u00fdch pracovn\u00edkov,\u2026","rel":"","context":"Podobn\u00fd pr\u00edspevok","img":{"alt_text":"","src":"https:\/\/i0.wp.com\/www.detsky-sen.sk\/wp-content\/uploads\/2026\/02\/ChatGPT-Image-25.-2.-2026-10_13_22.png?resize=350%2C200&ssl=1","width":350,"height":200},"classes":[]},{"id":1276,"url":"https:\/\/www.detsky-sen.sk\/?page_id=1276","url_meta":{"origin":16,"position":4},"title":"RECENZIE","date":"24. febru\u00e1ra 2026","format":false,"excerpt":"https:\/\/www.google.com\/search?sca_esv=76fe5ae76524aec0&rlz=1C1AVNE_enSK724SK724&q=s%C3%BAkromn%C3%A1+matersk%C3%A1+%C5%A1kola+detsk%C3%BD+sen+s+vyu%C4%8Dovan%C3%ADm+anglick%C3%A9ho+jazyka&si=AL3DRZHrmvnFAVQPOO2Bzhf8AX9KZZ6raUI_dT7DG_z0kV2_xxVdrcb-imi0v9wfDTn5v5IUqAKNmDOC855T2Du3wXYmuNvcKMiqU3ae89yPtbN3a5zVuVo%3D&uds=ALYpb_mVQumE66TV2H4EkbjgihQqZDe1CW0aJ2geTnI8Q7R96psIpOBj8yNwJDRUgQmcXk_S_jue3RtHCm6JryceCbSuSAk01L9IGRaPlX5GM7MDsRUfn7VWxB5luCeCJtdtECZpc5GZ7W8emiOnUxnIc50vqAha460s076CNvL891sEpxtRiK85ubbW3-Smyfh7vSGc1H_2&sa=X&ved=2ahUKEwjn0LC1k_KSAxVqZ_EDHYQAH3gQ3PALegQIGxAE \u2b50 Recenzie rodi\u010dov Nap\u00edsali o n\u00e1s: \ud83d\udfe1Patr\u00edcia Luk\u00e1\u010dov\u00e1 | Google | \u2b50 5\/5 | Najlep\u0161\u00ed v\u00fdber \u0161k\u00f4lky, ak\u00fd sme mohli pre n\u00e1\u0161ho syna urobi\u0165. \u010eakujeme pani riadite\u013eke aj u\u010dite\u013ek\u00e1m za l\u00e1skav\u00fd a re\u0161pektuj\u00faci pr\u00edstup k de\u0165om. Rob\u00edte to srdcom. \u2764\ufe0f\ud83d\ude4f \u010eakujeme. \u2764\ufe0f \ud83d\udd35 Stanislav Gernic | Google | \u2b50\u2026","rel":"","context":"Podobn\u00fd pr\u00edspevok","img":{"alt_text":"","src":"","width":0,"height":0},"classes":[]},{"id":1139,"url":"https:\/\/www.detsky-sen.sk\/?page_id=1139","url_meta":{"origin":16,"position":5},"title":"Cenn\u00edk","date":"8. janu\u00e1ra 2025","format":false,"excerpt":"Cenn\u00edk \u0161koln\u00e9 na 1 mesiac pri celodennom pobyte die\u0165a\u0165a v\u00a0SM\u0160 je 350,00\u20ac\u00a0\u0161koln\u00e9 na 1 mesiac pri celodennom pobyte v\u00a0pr\u00edpade s\u00farodencov je 300 \u20ac\/ 1 die\u0165a.\u0161koln\u00e9 za 1 mesiac pri poldennom pobyte die\u0165a\u0165a v\u00a0SM\u0160 je 300,00 \u20ac -plat\u00ed iba v\u00a0pr\u00edpade poldenn\u00e9ho pobytu po\u010das cel\u00e9ho mesiaca.\u0161koln\u00e9 pri doch\u00e1dzke 3 dni v t\u00fd\u017edni\u2026","rel":"","context":"Podobn\u00fd pr\u00edspevok","img":{"alt_text":"","src":"","width":0,"height":0},"classes":[]}],"_links":{"self":[{"href":"https:\/\/www.detsky-sen.sk\/index.php?rest_route=\/wp\/v2\/pages\/16"}],"collection":[{"href":"https:\/\/www.detsky-sen.sk\/index.php?rest_route=\/wp\/v2\/pages"}],"about":[{"href":"https:\/\/www.detsky-sen.sk\/index.php?rest_route=\/wp\/v2\/types\/page"}],"author":[{"embeddable":true,"href":"https:\/\/www.detsky-sen.sk\/index.php?rest_route=\/wp\/v2\/users\/1"}],"replies":[{"embeddable":true,"href":"https:\/\/www.detsky-sen.sk\/index.php?rest_route=%2Fwp%2Fv2%2Fcomments&post=16"}],"version-history":[{"count":2,"href":"https:\/\/www.detsky-sen.sk\/index.php?rest_route=\/wp\/v2\/pages\/16\/revisions"}],"predecessor-version":[{"id":1236,"href":"https:\/\/www.detsky-sen.sk\/index.php?rest_route=\/wp\/v2\/pages\/16\/revisions\/1236"}],"wp:attachment":[{"href":"https:\/\/www.detsky-sen.sk\/index.php?rest_route=%2Fwp%2Fv2%2Fmedia&parent=16"}],"curies":[{"name":"wp","href":"https:\/\/api.w.org\/{rel}","templated":true}]}}