{"id":18,"date":"2022-03-16T16:59:42","date_gmt":"2022-03-16T15:59:42","guid":{"rendered":"https:\/\/www.detsky-sen.sk\/?page_id=18"},"modified":"2022-03-17T16:43:04","modified_gmt":"2022-03-17T15:43:04","slug":"co-respektujeme","status":"publish","type":"page","link":"https:\/\/www.detsky-sen.sk\/?page_id=18","title":{"rendered":"Z\u00e1sady"},"content":{"rendered":"\n<p>Re\u0161pektujeme pr\u00e1va ka\u017ed\u00e9ho die\u0165a\u0165a.<\/p>\n\n\n\n<h3 class=\"has-medium-font-size\">10 z\u00e1sad (\u013eudsk\u00e9 pr\u00e1va prerozpr\u00e1van\u00e9 pre deti)<\/h3>\n\n\n\n<p><strong>Z\u00e1sada 1:<\/strong><\/p>\n\n\n\n<p>\u201eSme deti sveta. Nie je d\u00f4le\u017eit\u00e9, kto s\u00fa na\u0161i rodi\u010dia, kde b\u00fdvame alebo v \u010do ver\u00edme. Spr\u00e1vajte sa k n\u00e1m ako k seberovn\u00fdm. Zasl\u00fa\u017eime si to najlep\u0161ie, \u010do svet poskytuje.&#8220;<\/p>\n\n\n\n<p><strong>Z\u00e1sada 2:<\/strong><\/p>\n\n\n\n<p>\u201eChr\u00e1\u0148te n\u00e1s, aby sme mohli vyrasta\u0165 slobodne a d\u00f4stojne.&#8220;<\/p>\n\n\n\n<p><strong>Z\u00e1sada 3:<\/strong><\/p>\n\n\n\n<p>\u201eDajte n\u00e1m meno a krajinu, ktor\u00fa m\u00f4\u017eeme vola\u0165 svojou.&#8220;<\/p>\n\n\n\n<p><strong>Z\u00e1sada 4:<\/strong><\/p>\n\n\n\n<p>\u201ePoskytnite n\u00e1m teplo a \u00fato\u010di\u0161te, dajte n\u00e1m najes\u0165 a poskytnite n\u00e1m miesto na hranie. Ak sme chor\u00ed, opatrujte n\u00e1s a ute\u0161te n\u00e1s.&#8220;<\/p>\n\n\n\n<p><strong>Z\u00e1sada 5:<\/strong><\/p>\n\n\n\n<p>\u201eAk sme postihnut\u00ed telesne alebo du\u0161evne, starajte sa o n\u00e1s e\u0161te viac a v\u00fdjdite v \u00fastrety na\u0161im zvl\u00e1\u0161tnym potreb\u00e1m.&#8220;<\/p>\n\n\n\n<p><strong>Z\u00e1sada 6:<\/strong><\/p>\n\n\n\n<p>\u201eNechajte n\u00e1s vyrasta\u0165 v rodine. Ak sa o n\u00e1s nem\u00f4\u017ee stara\u0165 na\u0161a vlastn\u00e1 rodina, vezmite si n\u00e1s a majte n\u00e1s radi ako vlastn\u00e9.&#8220;<\/p>\n\n\n\n<p><strong>Z\u00e1sada 7:<\/strong><\/p>\n\n\n\n<p>\u201eU\u010dte n\u00e1s ako pre\u017ei\u0165 \u0161\u0165astn\u00fd a produkt\u00edvny \u017eivot. Nechajte n\u00e1s, aby sme sa hrou u\u010dili \u017ei\u0165 sami.&#8220;<\/p>\n\n\n\n<p><strong>Z\u00e1sada 8:<\/strong><\/p>\n\n\n\n<p>\u201eV \u0165a\u017ek\u00fdch \u010dasoch pom\u00f4\u017ete n\u00e1m ako prv\u00fdm. Bud\u00facnos\u0165 sveta z\u00e1vis\u00ed od n\u00e1s.&#8220;<\/p>\n\n\n\n<p><strong>Z\u00e1sada 9:<\/strong><\/p>\n\n\n\n<p>\u201eChr\u00e1\u0148te n\u00e1s pred krutos\u0165ou a pred t\u00fdmi, ktor\u00ed by n\u00e1s chceli zneu\u017e\u00edva\u0165.&#8220;<\/p>\n\n\n\n<p><strong>Z\u00e1sada 10:<\/strong><\/p>\n\n\n\n<p>\u201eVychov\u00e1vajte n\u00e1s s porozumen\u00edm, slobodne a s l\u00e1skou. Ke\u010f vyrastieme, aj my budeme hl\u00e1sa\u0165 slobodu, porozumenie na celom svete.&#8220;<\/p>\n","protected":false},"excerpt":{"rendered":"<p>Re\u0161pektujeme pr\u00e1va ka\u017ed\u00e9ho die\u0165a\u0165a. 10 z\u00e1sad (\u013eudsk\u00e9 pr\u00e1va prerozpr\u00e1van\u00e9 pre deti) Z\u00e1sada 1: \u201eSme deti sveta. Nie je d\u00f4le\u017eit\u00e9, kto [&hellip;]<\/p>\n","protected":false},"author":1,"featured_media":0,"parent":0,"menu_order":0,"comment_status":"closed","ping_status":"closed","template":"","meta":{"spay_email":""},"yoast_head":"<!-- This site is optimized with the Yoast SEO plugin v19.13 - https:\/\/yoast.com\/wordpress\/plugins\/seo\/ -->\n<title>Z\u00e1sady - SM\u0160 Detsk\u00fd sen<\/title>\n<meta name=\"description\" content=\"Re\u0161pektujeme pr\u00e1va ka\u017ed\u00e9ho die\u0165a\u0165a. 10 z\u00e1sad (\u013eudsk\u00e9 pr\u00e1va prerozpr\u00e1van\u00e9 pre deti).\" \/>\n<meta name=\"robots\" content=\"index, follow, max-snippet:-1, max-image-preview:large, max-video-preview:-1\" \/>\n<link rel=\"canonical\" href=\"https:\/\/www.detsky-sen.sk\/?page_id=18\" \/>\n<meta property=\"og:locale\" content=\"sk_SK\" \/>\n<meta property=\"og:type\" content=\"article\" \/>\n<meta property=\"og:title\" content=\"Z\u00e1sady - SM\u0160 Detsk\u00fd sen\" \/>\n<meta property=\"og:description\" content=\"Re\u0161pektujeme pr\u00e1va ka\u017ed\u00e9ho die\u0165a\u0165a. 10 z\u00e1sad (\u013eudsk\u00e9 pr\u00e1va prerozpr\u00e1van\u00e9 pre deti).\" \/>\n<meta property=\"og:url\" content=\"https:\/\/www.detsky-sen.sk\/?page_id=18\" \/>\n<meta property=\"og:site_name\" content=\"SM\u0160 Detsk\u00fd sen\" \/>\n<meta property=\"article:modified_time\" content=\"2022-03-17T15:43:04+00:00\" \/>\n<meta name=\"twitter:card\" content=\"summary_large_image\" \/>\n<meta name=\"twitter:label1\" content=\"Predpokladan\u00fd \u010das \u010d\u00edtania\" \/>\n\t<meta name=\"twitter:data1\" content=\"2 min\u00faty\" \/>\n<script type=\"application\/ld+json\" class=\"yoast-schema-graph\">{\"@context\":\"https:\/\/schema.org\",\"@graph\":[{\"@type\":\"WebPage\",\"@id\":\"https:\/\/www.detsky-sen.sk\/?page_id=18\",\"url\":\"https:\/\/www.detsky-sen.sk\/?page_id=18\",\"name\":\"Z\u00e1sady - SM\u0160 Detsk\u00fd sen\",\"isPartOf\":{\"@id\":\"https:\/\/www.detsky-sen.sk\/#website\"},\"datePublished\":\"2022-03-16T15:59:42+00:00\",\"dateModified\":\"2022-03-17T15:43:04+00:00\",\"description\":\"Re\u0161pektujeme pr\u00e1va ka\u017ed\u00e9ho die\u0165a\u0165a. 10 z\u00e1sad (\u013eudsk\u00e9 pr\u00e1va prerozpr\u00e1van\u00e9 pre deti).\",\"breadcrumb\":{\"@id\":\"https:\/\/www.detsky-sen.sk\/?page_id=18#breadcrumb\"},\"inLanguage\":\"sk-SK\",\"potentialAction\":[{\"@type\":\"ReadAction\",\"target\":[\"https:\/\/www.detsky-sen.sk\/?page_id=18\"]}]},{\"@type\":\"BreadcrumbList\",\"@id\":\"https:\/\/www.detsky-sen.sk\/?page_id=18#breadcrumb\",\"itemListElement\":[{\"@type\":\"ListItem\",\"position\":1,\"name\":\"Home\",\"item\":\"https:\/\/www.detsky-sen.sk\/\"},{\"@type\":\"ListItem\",\"position\":2,\"name\":\"Z\u00e1sady\"}]},{\"@type\":\"WebSite\",\"@id\":\"https:\/\/www.detsky-sen.sk\/#website\",\"url\":\"https:\/\/www.detsky-sen.sk\/\",\"name\":\"SM\u0160 Detsk\u00fd sen\",\"description\":\" &quot;\u0160\u0165astn\u00e9 deti a spokojn\u00ed rodi\u010dia&quot;\",\"publisher\":{\"@id\":\"https:\/\/www.detsky-sen.sk\/#organization\"},\"potentialAction\":[{\"@type\":\"SearchAction\",\"target\":{\"@type\":\"EntryPoint\",\"urlTemplate\":\"https:\/\/www.detsky-sen.sk\/?s={search_term_string}\"},\"query-input\":\"required name=search_term_string\"}],\"inLanguage\":\"sk-SK\"},{\"@type\":\"Organization\",\"@id\":\"https:\/\/www.detsky-sen.sk\/#organization\",\"name\":\"SM\u0160 Detsk\u00fd sen\",\"url\":\"https:\/\/www.detsky-sen.sk\/\",\"logo\":{\"@type\":\"ImageObject\",\"inLanguage\":\"sk-SK\",\"@id\":\"https:\/\/www.detsky-sen.sk\/#\/schema\/logo\/image\/\",\"url\":\"https:\/\/i0.wp.com\/www.detsky-sen.sk\/wp-content\/uploads\/2026\/02\/cropped-ChatGPT-Image-23.-2.-2026-17_12_43-1-1.png?fit=1536%2C1024&ssl=1\",\"contentUrl\":\"https:\/\/i0.wp.com\/www.detsky-sen.sk\/wp-content\/uploads\/2026\/02\/cropped-ChatGPT-Image-23.-2.-2026-17_12_43-1-1.png?fit=1536%2C1024&ssl=1\",\"width\":1536,\"height\":1024,\"caption\":\" SM\u0160 Detsk\u00fd sen\"},\"image\":{\"@id\":\"https:\/\/www.detsky-sen.sk\/#\/schema\/logo\/image\/\"}}]}<\/script>\n<!-- \/ Yoast SEO plugin. -->","yoast_head_json":{"title":"Z\u00e1sady - SM\u0160 Detsk\u00fd sen","description":"Re\u0161pektujeme pr\u00e1va ka\u017ed\u00e9ho die\u0165a\u0165a. 10 z\u00e1sad (\u013eudsk\u00e9 pr\u00e1va prerozpr\u00e1van\u00e9 pre deti).","robots":{"index":"index","follow":"follow","max-snippet":"max-snippet:-1","max-image-preview":"max-image-preview:large","max-video-preview":"max-video-preview:-1"},"canonical":"https:\/\/www.detsky-sen.sk\/?page_id=18","og_locale":"sk_SK","og_type":"article","og_title":"Z\u00e1sady - SM\u0160 Detsk\u00fd sen","og_description":"Re\u0161pektujeme pr\u00e1va ka\u017ed\u00e9ho die\u0165a\u0165a. 10 z\u00e1sad (\u013eudsk\u00e9 pr\u00e1va prerozpr\u00e1van\u00e9 pre deti).","og_url":"https:\/\/www.detsky-sen.sk\/?page_id=18","og_site_name":"SM\u0160 Detsk\u00fd sen","article_modified_time":"2022-03-17T15:43:04+00:00","twitter_card":"summary_large_image","twitter_misc":{"Predpokladan\u00fd \u010das \u010d\u00edtania":"2 min\u00faty"},"schema":{"@context":"https:\/\/schema.org","@graph":[{"@type":"WebPage","@id":"https:\/\/www.detsky-sen.sk\/?page_id=18","url":"https:\/\/www.detsky-sen.sk\/?page_id=18","name":"Z\u00e1sady - SM\u0160 Detsk\u00fd sen","isPartOf":{"@id":"https:\/\/www.detsky-sen.sk\/#website"},"datePublished":"2022-03-16T15:59:42+00:00","dateModified":"2022-03-17T15:43:04+00:00","description":"Re\u0161pektujeme pr\u00e1va ka\u017ed\u00e9ho die\u0165a\u0165a. 10 z\u00e1sad (\u013eudsk\u00e9 pr\u00e1va prerozpr\u00e1van\u00e9 pre deti).","breadcrumb":{"@id":"https:\/\/www.detsky-sen.sk\/?page_id=18#breadcrumb"},"inLanguage":"sk-SK","potentialAction":[{"@type":"ReadAction","target":["https:\/\/www.detsky-sen.sk\/?page_id=18"]}]},{"@type":"BreadcrumbList","@id":"https:\/\/www.detsky-sen.sk\/?page_id=18#breadcrumb","itemListElement":[{"@type":"ListItem","position":1,"name":"Home","item":"https:\/\/www.detsky-sen.sk\/"},{"@type":"ListItem","position":2,"name":"Z\u00e1sady"}]},{"@type":"WebSite","@id":"https:\/\/www.detsky-sen.sk\/#website","url":"https:\/\/www.detsky-sen.sk\/","name":"SM\u0160 Detsk\u00fd sen","description":" &quot;\u0160\u0165astn\u00e9 deti a spokojn\u00ed rodi\u010dia&quot;","publisher":{"@id":"https:\/\/www.detsky-sen.sk\/#organization"},"potentialAction":[{"@type":"SearchAction","target":{"@type":"EntryPoint","urlTemplate":"https:\/\/www.detsky-sen.sk\/?s={search_term_string}"},"query-input":"required name=search_term_string"}],"inLanguage":"sk-SK"},{"@type":"Organization","@id":"https:\/\/www.detsky-sen.sk\/#organization","name":"SM\u0160 Detsk\u00fd sen","url":"https:\/\/www.detsky-sen.sk\/","logo":{"@type":"ImageObject","inLanguage":"sk-SK","@id":"https:\/\/www.detsky-sen.sk\/#\/schema\/logo\/image\/","url":"https:\/\/i0.wp.com\/www.detsky-sen.sk\/wp-content\/uploads\/2026\/02\/cropped-ChatGPT-Image-23.-2.-2026-17_12_43-1-1.png?fit=1536%2C1024&ssl=1","contentUrl":"https:\/\/i0.wp.com\/www.detsky-sen.sk\/wp-content\/uploads\/2026\/02\/cropped-ChatGPT-Image-23.-2.-2026-17_12_43-1-1.png?fit=1536%2C1024&ssl=1","width":1536,"height":1024,"caption":" SM\u0160 Detsk\u00fd sen"},"image":{"@id":"https:\/\/www.detsky-sen.sk\/#\/schema\/logo\/image\/"}}]}},"jetpack-related-posts":[{"id":56,"url":"https:\/\/www.detsky-sen.sk\/?page_id=56","url_meta":{"origin":18,"position":0},"title":"Ob\u010dianske zdru\u017eenie: PLN\u00cdME VA\u0160E SNY","date":"17. marca 2022","format":false,"excerpt":"N\u00e1zov ob\u010dianskeho zdru\u017eenia :\u00a0PLN\u00cdME VA\u0160E SNY N\u00e1zov: PLN\u00cdME VA\u0160E SNYForma: Ob\u010dianske zdru\u017eenieRok registr\u00e1cie: 2018I\u010cO: 51179083S\u00eddlo: F\u00e1ndlyho 21, 903 01 SenecBankov\u00fd \u00fa\u010det: Slovensk\u00e1 sporite\u013e\u0148a, a.s. \u2013 SK18 0900 0000 0051 5171 1195 \ud83c\udf1f Ob\u010dianske zdru\u017eenie: PLN\u00cdME VA\u0160E SNY \ud83d\udccd S\u00eddlo: F\u00e1ndlyho 21, 903 01 Senec \ud83d\udca1 Kto sme:Dobrovo\u013en\u00e9 zdru\u017eenie pedagogick\u00fdch pracovn\u00edkov,\u2026","rel":"","context":"Podobn\u00fd pr\u00edspevok","img":{"alt_text":"","src":"https:\/\/i0.wp.com\/www.detsky-sen.sk\/wp-content\/uploads\/2026\/02\/ChatGPT-Image-25.-2.-2026-10_13_22.png?resize=350%2C200&ssl=1","width":350,"height":200},"classes":[]},{"id":3,"url":"https:\/\/www.detsky-sen.sk\/?page_id=3","url_meta":{"origin":18,"position":1},"title":"GDPR","date":"16. marca 2022","format":false,"excerpt":"Vyhl\u00e1senie o ochrane osobn\u00fdch \u00fadajov Ochrana V\u00e1\u0161ho s\u00fakromia pri pou\u017e\u00edvan\u00ed na\u0161ej webovej str\u00e1nky www.detsky-sen.sk je pre n\u00e1s mimoriadne d\u00f4le\u017eit\u00e1. Preto V\u00e1s v\u00a0nasleduj\u00facom texte d\u00f4kladne informujeme o\u00a0sprac\u00favan\u00ed\u00a0 Va\u0161ich osobn\u00fdch \u00fadajov. Zodpovedn\u00e1 za ochranu osobn\u00fdch \u00fadajov tejto webovej str\u00e1nky je spolo\u010dnos\u0165 S\u00fakromn\u00e1 matersk\u00e1 \u0161kola, I\u010cO 36064751 so s\u00eddlom F\u00e1ndlyho 21, 90301 Senec\u2026","rel":"","context":"Podobn\u00fd pr\u00edspevok","img":{"alt_text":"","src":"","width":0,"height":0},"classes":[]},{"id":1276,"url":"https:\/\/www.detsky-sen.sk\/?page_id=1276","url_meta":{"origin":18,"position":2},"title":"RECENZIE","date":"24. febru\u00e1ra 2026","format":false,"excerpt":"https:\/\/www.google.com\/search?sca_esv=76fe5ae76524aec0&rlz=1C1AVNE_enSK724SK724&q=s%C3%BAkromn%C3%A1+matersk%C3%A1+%C5%A1kola+detsk%C3%BD+sen+s+vyu%C4%8Dovan%C3%ADm+anglick%C3%A9ho+jazyka&si=AL3DRZHrmvnFAVQPOO2Bzhf8AX9KZZ6raUI_dT7DG_z0kV2_xxVdrcb-imi0v9wfDTn5v5IUqAKNmDOC855T2Du3wXYmuNvcKMiqU3ae89yPtbN3a5zVuVo%3D&uds=ALYpb_mVQumE66TV2H4EkbjgihQqZDe1CW0aJ2geTnI8Q7R96psIpOBj8yNwJDRUgQmcXk_S_jue3RtHCm6JryceCbSuSAk01L9IGRaPlX5GM7MDsRUfn7VWxB5luCeCJtdtECZpc5GZ7W8emiOnUxnIc50vqAha460s076CNvL891sEpxtRiK85ubbW3-Smyfh7vSGc1H_2&sa=X&ved=2ahUKEwjn0LC1k_KSAxVqZ_EDHYQAH3gQ3PALegQIGxAE \u2b50 Recenzie rodi\u010dov Nap\u00edsali o n\u00e1s: \ud83d\udfe1Patr\u00edcia Luk\u00e1\u010dov\u00e1 | Google | \u2b50 5\/5 | Najlep\u0161\u00ed v\u00fdber \u0161k\u00f4lky, ak\u00fd sme mohli pre n\u00e1\u0161ho syna urobi\u0165. \u010eakujeme pani riadite\u013eke aj u\u010dite\u013ek\u00e1m za l\u00e1skav\u00fd a re\u0161pektuj\u00faci pr\u00edstup k de\u0165om. Rob\u00edte to srdcom. \u2764\ufe0f\ud83d\ude4f \u010eakujeme. \u2764\ufe0f \ud83d\udd35 Stanislav Gernic | Google | \u2b50\u2026","rel":"","context":"Podobn\u00fd pr\u00edspevok","img":{"alt_text":"","src":"","width":0,"height":0},"classes":[]},{"id":13,"url":"https:\/\/www.detsky-sen.sk\/","url_meta":{"origin":18,"position":3},"title":"O n\u00e1s","date":"16. marca 2022","format":false,"excerpt":"S\u00fakromn\u00e1 M\u0160 Detsk\u00fd sen v Senci Miesto, kde \u0161\u0165astn\u00e9 detstvo a kvalitn\u00e9 vzdelanie tvoria jeden svet. V\u00fdber materskej \u0161koly je k\u013e\u00fa\u010dov\u00e9 rozhodnutie V\u00fdber spr\u00e1vnej materskej \u0161koly patr\u00ed medzi najd\u00f4le\u017eitej\u0161ie rozhodnutia rodi\u010da. Die\u0165a tu tr\u00e1vi ve\u013ek\u00fa \u010das\u0165 d\u0148a, vytv\u00e1ra si prv\u00e9 priate\u013estv\u00e1, u\u010d\u00ed sa spolupracova\u0165 a objavuje svet. V S\u00fakromnej M\u0160\u2026","rel":"","context":"Podobn\u00fd pr\u00edspevok","img":{"alt_text":"matersk\u00e1 \u0161kola Senec","src":"https:\/\/i0.wp.com\/www.detsky-sen.sk\/wp-content\/uploads\/2026\/02\/ChatGPT-Image-23.-2.-2026-17_12_43-1.png?resize=350%2C200&ssl=1","width":350,"height":200},"classes":[]},{"id":27,"url":"https:\/\/www.detsky-sen.sk\/?page_id=27","url_meta":{"origin":18,"position":4},"title":"Akcie M\u0160","date":"16. marca 2022","format":false,"excerpt":"AKCIE-2025-2026Stiahnu\u0165 2025\/2026 22.10.2025\u00a0\u00a0\u00a0\u00a0\u00a0\u00a0\u00a0\u00a0\u00a0\u00a0\u00a0\u00a0\u00a0\u00a0\u00a0\u00a0 Turistick\u00e1 vych\u00e1dzka, zbieranie pr\u00edrodn\u00edn na Slne\u010dn\u00fdch jazer\u00e1ch 23.10.2025\u00a0\u00a0\u00a0\u00a0\u00a0\u00a0\u00a0\u00a0\u00a0\u00a0\u00a0\u00a0\u00a0\u00a0\u00a0\u00a0\u00a0 Tekvi\u010dkov\u00e1 sl\u00e1vnos\u0165- akcia deti a\u00a0rodi\u010dov, vyrez\u00e1vanie a\u00a0zdobenie tekv\u00edc 24.10.2025\u00a0\u00a0\u00a0\u00a0\u00a0\u00a0\u00a0\u00a0\u00a0\u00a0\u00a0\u00a0\u00a0\u00a0\u00a0\u00a0\u00a0 Ozajstn\u00ed hrdinovia medzi nami \u2013 spozn\u00e1vame pr\u00e1cu hasi\u010dov a\u00a0z\u00e1chran\u00e1rov, 19.11.2025 \u00a0\u00a0\u00a0\u00a0\u00a0\u00a0\u00a0\u00a0\u00a0\u00a0\u00a0\u00a0\u00a0\u00a0\u00a0\u00a0 Cvi\u010denie s\u00a0hudbou -\u017eongl\u00e9rske predstavenie 21.11.2025\u00a0\u00a0\u00a0\u00a0\u00a0\u00a0\u00a0\u00a0\u00a0\u00a0\u00a0\u00a0\u00a0\u00a0\u00a0\u00a0\u00a0 Hudobn\u00e9 interakt\u00edvne predstavenie - Na\u0161e zdravie \u00a002.12.2025\u00a0\u00a0\u00a0\u00a0\u00a0\u00a0\u00a0\u00a0\u00a0\u00a0\u00a0\u00a0\u00a0\u00a0\u00a0\u00a0 Mikul\u00e1\u0161ske predstavenie s\u00a0mikul\u00e1\u0161skou n\u00e1dielkou 16.12.2025\u00a0\u00a0\u00a0\u00a0\u00a0\u00a0\u00a0\u00a0\u00a0\u00a0\u00a0\u00a0\u00a0\u00a0\u00a0\u00a0\u00a0 Viano\u010dn\u00e1 besiedka\u2026","rel":"","context":"Podobn\u00fd pr\u00edspevok","img":{"alt_text":"","src":"","width":0,"height":0},"classes":[]},{"id":16,"url":"https:\/\/www.detsky-sen.sk\/?page_id=16","url_meta":{"origin":18,"position":5},"title":"Ciele a zameranie","date":"16. marca 2022","format":false,"excerpt":"\ud83c\udfaf Cie\u013e v\u00fdchovy a vzdel\u00e1vania \ud83e\udde0 Rozvoj pripravenosti na \u0161kolu a \u017eivot Podpora perceptu\u00e1lno-motorick\u00fdch, kognit\u00edvnych a soci\u00e1lnych schopnost\u00ed die\u0165a\u0165a, d\u00f4raz na jedine\u010dnos\u0165 a akt\u00edvne u\u010denie v kolekt\u00edve. \ud83c\udf1f Rozvoj osobnosti a tvorivosti Pripravenos\u0165 na \u0161kolu aj \u017eivot v duchu tvorivo-humanistickej v\u00fdchovy. \ud83c\udfdb\ufe0f Kult\u00farne porozumenie U\u010denie pou\u017e\u00edva\u0165 kult\u00farne znaky a symboly\u2026","rel":"","context":"Podobn\u00fd pr\u00edspevok","img":{"alt_text":"","src":"","width":0,"height":0},"classes":[]}],"_links":{"self":[{"href":"https:\/\/www.detsky-sen.sk\/index.php?rest_route=\/wp\/v2\/pages\/18"}],"collection":[{"href":"https:\/\/www.detsky-sen.sk\/index.php?rest_route=\/wp\/v2\/pages"}],"about":[{"href":"https:\/\/www.detsky-sen.sk\/index.php?rest_route=\/wp\/v2\/types\/page"}],"author":[{"embeddable":true,"href":"https:\/\/www.detsky-sen.sk\/index.php?rest_route=\/wp\/v2\/users\/1"}],"replies":[{"embeddable":true,"href":"https:\/\/www.detsky-sen.sk\/index.php?rest_route=%2Fwp%2Fv2%2Fcomments&post=18"}],"version-history":[{"count":2,"href":"https:\/\/www.detsky-sen.sk\/index.php?rest_route=\/wp\/v2\/pages\/18\/revisions"}],"predecessor-version":[{"id":88,"href":"https:\/\/www.detsky-sen.sk\/index.php?rest_route=\/wp\/v2\/pages\/18\/revisions\/88"}],"wp:attachment":[{"href":"https:\/\/www.detsky-sen.sk\/index.php?rest_route=%2Fwp%2Fv2%2Fmedia&parent=18"}],"curies":[{"name":"wp","href":"https:\/\/api.w.org\/{rel}","templated":true}]}}