{"id":34,"date":"2022-03-16T17:37:38","date_gmt":"2022-03-16T16:37:38","guid":{"rendered":"https:\/\/www.detsky-sen.sk\/?page_id=34"},"modified":"2025-06-04T14:31:38","modified_gmt":"2025-06-04T12:31:38","slug":"kontakty","status":"publish","type":"page","link":"https:\/\/www.detsky-sen.sk\/?page_id=34","title":{"rendered":"Kontakt"},"content":{"rendered":"\n<h2><mark style=\"background-color:rgba(0, 0, 0, 0)\" class=\"has-inline-color has-vivid-red-color\">S\u00daKROMN\u00c1 MATERSK\u00c1 \u0160KOLA  &#8222;DETSK\u00dd SEN&#8220; <\/mark><\/h2>\n\n\n\n<h2>s vyu\u010dovan\u00edm anglick\u00e9ho jazyka<\/h2>\n\n\n\n<h3 style=\"font-size:25px\">F\u00e1ndlyho 21, 903 01 Senec<\/h3>\n\n\n\n<p><strong> Z<em>ria\u010fovate\u013eka a riadite\u013eka<\/em><\/strong> :<\/p>\n\n\n\n<p><strong>Iveta Alfonzov\u00e1<\/strong><\/p>\n\n\n\n<p><strong><mark style=\"background-color:rgba(0, 0, 0, 0)\" class=\"has-inline-color has-black-color\">tel. kontakt:<\/mark><mark style=\"background-color:rgba(0, 0, 0, 0)\" class=\"has-inline-color has-vivid-cyan-blue-color\"> <\/mark><\/strong><\/p>\n\n\n\n<p><strong><mark style=\"background-color:rgba(0, 0, 0, 0)\" class=\"has-inline-color has-vivid-cyan-blue-color\"><span style=\"text-decoration: underline;\">+421 903 693 894<\/span><\/mark><\/strong><\/p>\n\n\n\n<p><strong>e-mail<\/strong>:<\/p>\n\n\n\n<p><strong><a href=\"mailto:info@detsky-sen.sk\"><strong><\/strong><\/a><strong><a href=\"mailto:info@detsky-sen.sk\">info@detsky-sen.sk<\/a><\/strong><\/strong><\/p>\n\n\n\n<p><strong>www.detsky-sen.sk<\/strong><\/p>\n\n\n\n<div class=\"wp-container-3 wp-block-group\"><div class=\"wp-block-group__inner-container\">\n<div class=\"wp-block-columns\">\n<div class=\"wp-block-column\" style=\"flex-basis:100%\">\n<div class=\"wp-container-2 wp-block-group\"><div class=\"wp-block-group__inner-container\">\n<ul class=\"wp-container-1 wp-block-social-links\"><li class=\"wp-social-link wp-social-link-instagram wp-block-social-link\"><a href=\"https:\/\/www.instagram.com\/skolkadetskysen\/\" aria-label=\"Instagram: https:\/\/www.instagram.com\/skolkadetskysen\/\"  class=\"wp-block-social-link-anchor\"> <svg width=\"24\" height=\"24\" viewBox=\"0 0 24 24\" version=\"1.1\" xmlns=\"http:\/\/www.w3.org\/2000\/svg\" role=\"img\" aria-hidden=\"true\" focusable=\"false\"><path d=\"M12,4.622c2.403,0,2.688,0.009,3.637,0.052c0.877,0.04,1.354,0.187,1.671,0.31c0.42,0.163,0.72,0.358,1.035,0.673 c0.315,0.315,0.51,0.615,0.673,1.035c0.123,0.317,0.27,0.794,0.31,1.671c0.043,0.949,0.052,1.234,0.052,3.637 s-0.009,2.688-0.052,3.637c-0.04,0.877-0.187,1.354-0.31,1.671c-0.163,0.42-0.358,0.72-0.673,1.035 c-0.315,0.315-0.615,0.51-1.035,0.673c-0.317,0.123-0.794,0.27-1.671,0.31c-0.949,0.043-1.233,0.052-3.637,0.052 s-2.688-0.009-3.637-0.052c-0.877-0.04-1.354-0.187-1.671-0.31c-0.42-0.163-0.72-0.358-1.035-0.673 c-0.315-0.315-0.51-0.615-0.673-1.035c-0.123-0.317-0.27-0.794-0.31-1.671C4.631,14.688,4.622,14.403,4.622,12 s0.009-2.688,0.052-3.637c0.04-0.877,0.187-1.354,0.31-1.671c0.163-0.42,0.358-0.72,0.673-1.035 c0.315-0.315,0.615-0.51,1.035-0.673c0.317-0.123,0.794-0.27,1.671-0.31C9.312,4.631,9.597,4.622,12,4.622 M12,3 C9.556,3,9.249,3.01,8.289,3.054C7.331,3.098,6.677,3.25,6.105,3.472C5.513,3.702,5.011,4.01,4.511,4.511 c-0.5,0.5-0.808,1.002-1.038,1.594C3.25,6.677,3.098,7.331,3.054,8.289C3.01,9.249,3,9.556,3,12c0,2.444,0.01,2.751,0.054,3.711 c0.044,0.958,0.196,1.612,0.418,2.185c0.23,0.592,0.538,1.094,1.038,1.594c0.5,0.5,1.002,0.808,1.594,1.038 c0.572,0.222,1.227,0.375,2.185,0.418C9.249,20.99,9.556,21,12,21s2.751-0.01,3.711-0.054c0.958-0.044,1.612-0.196,2.185-0.418 c0.592-0.23,1.094-0.538,1.594-1.038c0.5-0.5,0.808-1.002,1.038-1.594c0.222-0.572,0.375-1.227,0.418-2.185 C20.99,14.751,21,14.444,21,12s-0.01-2.751-0.054-3.711c-0.044-0.958-0.196-1.612-0.418-2.185c-0.23-0.592-0.538-1.094-1.038-1.594 c-0.5-0.5-1.002-0.808-1.594-1.038c-0.572-0.222-1.227-0.375-2.185-0.418C14.751,3.01,14.444,3,12,3L12,3z M12,7.378 c-2.552,0-4.622,2.069-4.622,4.622S9.448,16.622,12,16.622s4.622-2.069,4.622-4.622S14.552,7.378,12,7.378z M12,15 c-1.657,0-3-1.343-3-3s1.343-3,3-3s3,1.343,3,3S13.657,15,12,15z M16.804,6.116c-0.596,0-1.08,0.484-1.08,1.08 s0.484,1.08,1.08,1.08c0.596,0,1.08-0.484,1.08-1.08S17.401,6.116,16.804,6.116z\"><\/path><\/svg><\/a><\/li>\n\n<li class=\"wp-social-link wp-social-link-facebook wp-block-social-link\"><a href=\"https:\/\/www.facebook.com\/profile.php?id=61560916240349&#038;locale=sk_SK\" aria-label=\"Facebook: https:\/\/www.facebook.com\/profile.php?id=61560916240349&amp;locale=sk_SK\"  class=\"wp-block-social-link-anchor\"> <svg width=\"24\" height=\"24\" viewBox=\"0 0 24 24\" version=\"1.1\" xmlns=\"http:\/\/www.w3.org\/2000\/svg\" role=\"img\" aria-hidden=\"true\" focusable=\"false\"><path d=\"M12 2C6.5 2 2 6.5 2 12c0 5 3.7 9.1 8.4 9.9v-7H7.9V12h2.5V9.8c0-2.5 1.5-3.9 3.8-3.9 1.1 0 2.2.2 2.2.2v2.5h-1.3c-1.2 0-1.6.8-1.6 1.6V12h2.8l-.4 2.9h-2.3v7C18.3 21.1 22 17 22 12c0-5.5-4.5-10-10-10z\"><\/path><\/svg><\/a><\/li><\/ul>\n<\/div><\/div>\n<\/div>\n<\/div>\n<\/div><\/div>\n\n\n\n<p><\/p>\n","protected":false},"excerpt":{"rendered":"<p>S\u00daKROMN\u00c1 MATERSK\u00c1 \u0160KOLA &#8222;DETSK\u00dd SEN&#8220; s vyu\u010dovan\u00edm anglick\u00e9ho jazyka F\u00e1ndlyho 21, 903 01 Senec Zria\u010fovate\u013eka a riadite\u013eka : Iveta Alfonzov\u00e1 [&hellip;]<\/p>\n","protected":false},"author":1,"featured_media":0,"parent":0,"menu_order":0,"comment_status":"closed","ping_status":"closed","template":"","meta":{"spay_email":""},"yoast_head":"<!-- This site is optimized with the Yoast SEO plugin v19.13 - https:\/\/yoast.com\/wordpress\/plugins\/seo\/ -->\n<title>Kontakt - SM\u0160 Detsk\u00fd sen<\/title>\n<meta name=\"robots\" content=\"index, follow, max-snippet:-1, max-image-preview:large, max-video-preview:-1\" \/>\n<link rel=\"canonical\" href=\"https:\/\/www.detsky-sen.sk\/?page_id=34\" \/>\n<meta property=\"og:locale\" content=\"sk_SK\" \/>\n<meta property=\"og:type\" content=\"article\" \/>\n<meta property=\"og:title\" content=\"Kontakt - SM\u0160 Detsk\u00fd sen\" \/>\n<meta property=\"og:description\" content=\"S\u00daKROMN\u00c1 MATERSK\u00c1 \u0160KOLA &#8222;DETSK\u00dd SEN&#8220; s vyu\u010dovan\u00edm anglick\u00e9ho jazyka F\u00e1ndlyho 21, 903 01 Senec Zria\u010fovate\u013eka a riadite\u013eka : Iveta Alfonzov\u00e1 [&hellip;]\" \/>\n<meta property=\"og:url\" content=\"https:\/\/www.detsky-sen.sk\/?page_id=34\" \/>\n<meta property=\"og:site_name\" content=\"SM\u0160 Detsk\u00fd sen\" \/>\n<meta property=\"article:modified_time\" content=\"2025-06-04T12:31:38+00:00\" \/>\n<meta name=\"twitter:card\" content=\"summary_large_image\" \/>\n<meta name=\"twitter:label1\" content=\"Predpokladan\u00fd \u010das \u010d\u00edtania\" \/>\n\t<meta name=\"twitter:data1\" content=\"1 min\u00fata\" \/>\n<script type=\"application\/ld+json\" class=\"yoast-schema-graph\">{\"@context\":\"https:\/\/schema.org\",\"@graph\":[{\"@type\":\"WebPage\",\"@id\":\"https:\/\/www.detsky-sen.sk\/?page_id=34\",\"url\":\"https:\/\/www.detsky-sen.sk\/?page_id=34\",\"name\":\"Kontakt - SM\u0160 Detsk\u00fd sen\",\"isPartOf\":{\"@id\":\"https:\/\/www.detsky-sen.sk\/#website\"},\"datePublished\":\"2022-03-16T16:37:38+00:00\",\"dateModified\":\"2025-06-04T12:31:38+00:00\",\"breadcrumb\":{\"@id\":\"https:\/\/www.detsky-sen.sk\/?page_id=34#breadcrumb\"},\"inLanguage\":\"sk-SK\",\"potentialAction\":[{\"@type\":\"ReadAction\",\"target\":[\"https:\/\/www.detsky-sen.sk\/?page_id=34\"]}]},{\"@type\":\"BreadcrumbList\",\"@id\":\"https:\/\/www.detsky-sen.sk\/?page_id=34#breadcrumb\",\"itemListElement\":[{\"@type\":\"ListItem\",\"position\":1,\"name\":\"Home\",\"item\":\"https:\/\/www.detsky-sen.sk\/\"},{\"@type\":\"ListItem\",\"position\":2,\"name\":\"Kontakt\"}]},{\"@type\":\"WebSite\",\"@id\":\"https:\/\/www.detsky-sen.sk\/#website\",\"url\":\"https:\/\/www.detsky-sen.sk\/\",\"name\":\"SM\u0160 Detsk\u00fd sen\",\"description\":\" &quot;\u0160\u0165astn\u00e9 deti a spokojn\u00ed rodi\u010dia&quot;\",\"publisher\":{\"@id\":\"https:\/\/www.detsky-sen.sk\/#organization\"},\"potentialAction\":[{\"@type\":\"SearchAction\",\"target\":{\"@type\":\"EntryPoint\",\"urlTemplate\":\"https:\/\/www.detsky-sen.sk\/?s={search_term_string}\"},\"query-input\":\"required name=search_term_string\"}],\"inLanguage\":\"sk-SK\"},{\"@type\":\"Organization\",\"@id\":\"https:\/\/www.detsky-sen.sk\/#organization\",\"name\":\"SM\u0160 Detsk\u00fd sen\",\"url\":\"https:\/\/www.detsky-sen.sk\/\",\"logo\":{\"@type\":\"ImageObject\",\"inLanguage\":\"sk-SK\",\"@id\":\"https:\/\/www.detsky-sen.sk\/#\/schema\/logo\/image\/\",\"url\":\"https:\/\/i0.wp.com\/www.detsky-sen.sk\/wp-content\/uploads\/2026\/02\/cropped-ChatGPT-Image-23.-2.-2026-17_12_43-1-1.png?fit=1536%2C1024&ssl=1\",\"contentUrl\":\"https:\/\/i0.wp.com\/www.detsky-sen.sk\/wp-content\/uploads\/2026\/02\/cropped-ChatGPT-Image-23.-2.-2026-17_12_43-1-1.png?fit=1536%2C1024&ssl=1\",\"width\":1536,\"height\":1024,\"caption\":\" SM\u0160 Detsk\u00fd sen\"},\"image\":{\"@id\":\"https:\/\/www.detsky-sen.sk\/#\/schema\/logo\/image\/\"}}]}<\/script>\n<!-- \/ Yoast SEO plugin. -->","yoast_head_json":{"title":"Kontakt - SM\u0160 Detsk\u00fd sen","robots":{"index":"index","follow":"follow","max-snippet":"max-snippet:-1","max-image-preview":"max-image-preview:large","max-video-preview":"max-video-preview:-1"},"canonical":"https:\/\/www.detsky-sen.sk\/?page_id=34","og_locale":"sk_SK","og_type":"article","og_title":"Kontakt - SM\u0160 Detsk\u00fd sen","og_description":"S\u00daKROMN\u00c1 MATERSK\u00c1 \u0160KOLA &#8222;DETSK\u00dd SEN&#8220; s vyu\u010dovan\u00edm anglick\u00e9ho jazyka F\u00e1ndlyho 21, 903 01 Senec Zria\u010fovate\u013eka a riadite\u013eka : Iveta Alfonzov\u00e1 [&hellip;]","og_url":"https:\/\/www.detsky-sen.sk\/?page_id=34","og_site_name":"SM\u0160 Detsk\u00fd sen","article_modified_time":"2025-06-04T12:31:38+00:00","twitter_card":"summary_large_image","twitter_misc":{"Predpokladan\u00fd \u010das \u010d\u00edtania":"1 min\u00fata"},"schema":{"@context":"https:\/\/schema.org","@graph":[{"@type":"WebPage","@id":"https:\/\/www.detsky-sen.sk\/?page_id=34","url":"https:\/\/www.detsky-sen.sk\/?page_id=34","name":"Kontakt - SM\u0160 Detsk\u00fd sen","isPartOf":{"@id":"https:\/\/www.detsky-sen.sk\/#website"},"datePublished":"2022-03-16T16:37:38+00:00","dateModified":"2025-06-04T12:31:38+00:00","breadcrumb":{"@id":"https:\/\/www.detsky-sen.sk\/?page_id=34#breadcrumb"},"inLanguage":"sk-SK","potentialAction":[{"@type":"ReadAction","target":["https:\/\/www.detsky-sen.sk\/?page_id=34"]}]},{"@type":"BreadcrumbList","@id":"https:\/\/www.detsky-sen.sk\/?page_id=34#breadcrumb","itemListElement":[{"@type":"ListItem","position":1,"name":"Home","item":"https:\/\/www.detsky-sen.sk\/"},{"@type":"ListItem","position":2,"name":"Kontakt"}]},{"@type":"WebSite","@id":"https:\/\/www.detsky-sen.sk\/#website","url":"https:\/\/www.detsky-sen.sk\/","name":"SM\u0160 Detsk\u00fd sen","description":" &quot;\u0160\u0165astn\u00e9 deti a spokojn\u00ed rodi\u010dia&quot;","publisher":{"@id":"https:\/\/www.detsky-sen.sk\/#organization"},"potentialAction":[{"@type":"SearchAction","target":{"@type":"EntryPoint","urlTemplate":"https:\/\/www.detsky-sen.sk\/?s={search_term_string}"},"query-input":"required name=search_term_string"}],"inLanguage":"sk-SK"},{"@type":"Organization","@id":"https:\/\/www.detsky-sen.sk\/#organization","name":"SM\u0160 Detsk\u00fd sen","url":"https:\/\/www.detsky-sen.sk\/","logo":{"@type":"ImageObject","inLanguage":"sk-SK","@id":"https:\/\/www.detsky-sen.sk\/#\/schema\/logo\/image\/","url":"https:\/\/i0.wp.com\/www.detsky-sen.sk\/wp-content\/uploads\/2026\/02\/cropped-ChatGPT-Image-23.-2.-2026-17_12_43-1-1.png?fit=1536%2C1024&ssl=1","contentUrl":"https:\/\/i0.wp.com\/www.detsky-sen.sk\/wp-content\/uploads\/2026\/02\/cropped-ChatGPT-Image-23.-2.-2026-17_12_43-1-1.png?fit=1536%2C1024&ssl=1","width":1536,"height":1024,"caption":" SM\u0160 Detsk\u00fd sen"},"image":{"@id":"https:\/\/www.detsky-sen.sk\/#\/schema\/logo\/image\/"}}]}},"jetpack-related-posts":[],"_links":{"self":[{"href":"https:\/\/www.detsky-sen.sk\/index.php?rest_route=\/wp\/v2\/pages\/34"}],"collection":[{"href":"https:\/\/www.detsky-sen.sk\/index.php?rest_route=\/wp\/v2\/pages"}],"about":[{"href":"https:\/\/www.detsky-sen.sk\/index.php?rest_route=\/wp\/v2\/types\/page"}],"author":[{"embeddable":true,"href":"https:\/\/www.detsky-sen.sk\/index.php?rest_route=\/wp\/v2\/users\/1"}],"replies":[{"embeddable":true,"href":"https:\/\/www.detsky-sen.sk\/index.php?rest_route=%2Fwp%2Fv2%2Fcomments&post=34"}],"version-history":[{"count":5,"href":"https:\/\/www.detsky-sen.sk\/index.php?rest_route=\/wp\/v2\/pages\/34\/revisions"}],"predecessor-version":[{"id":1206,"href":"https:\/\/www.detsky-sen.sk\/index.php?rest_route=\/wp\/v2\/pages\/34\/revisions\/1206"}],"wp:attachment":[{"href":"https:\/\/www.detsky-sen.sk\/index.php?rest_route=%2Fwp%2Fv2%2Fmedia&parent=34"}],"curies":[{"name":"wp","href":"https:\/\/api.w.org\/{rel}","templated":true}]}}